{"id":12267,"date":"2024-02-20T20:47:36","date_gmt":"2024-02-21T01:47:36","guid":{"rendered":"https:\/\/www.educacionbilingue.gob.ec\/?page_id=12267"},"modified":"2025-06-03T08:20:05","modified_gmt":"2025-06-03T13:20:05","slug":"rendicion-de-cuentas-2023","status":"publish","type":"page","link":"https:\/\/educacionbilingue.gob.ec\/?page_id=12267","title":{"rendered":"Rendici\u00f3n de Cuentas 2023"},"content":{"rendered":"\t\t<div data-elementor-type=\"wp-page\" data-elementor-id=\"12267\" class=\"elementor elementor-12267\">\n\t\t\t\t\t\t<section class=\"elementor-section elementor-top-section elementor-element elementor-element-27ce71a elementor-section-boxed elementor-section-height-default elementor-section-height-default\" data-id=\"27ce71a\" data-element_type=\"section\" data-e-type=\"section\">\n\t\t\t\t\t\t<div class=\"elementor-container elementor-column-gap-default\">\n\t\t\t\t\t<div class=\"elementor-column elementor-col-100 elementor-top-column elementor-element elementor-element-8cc9066\" data-id=\"8cc9066\" data-element_type=\"column\" data-e-type=\"column\">\n\t\t\t<div class=\"elementor-widget-wrap elementor-element-populated\">\n\t\t\t\t\t\t<div class=\"elementor-element elementor-element-3c13f45 elementor-widget elementor-widget-image\" data-id=\"3c13f45\" data-element_type=\"widget\" data-e-type=\"widget\" data-widget_type=\"image.default\">\n\t\t\t\t<div class=\"elementor-widget-container\">\n\t\t\t\t\t\t\t\t\t\t\t\t\t\t\t<img fetchpriority=\"high\" decoding=\"async\" width=\"945\" height=\"236\" src=\"https:\/\/educacionbilingue.gob.ec\/wp-content\/uploads\/2024\/02\/RENDICION-DE-CUENTAS-2023-PORTADA-FORMS-05-1024x256.jpg\" class=\"attachment-large size-large wp-image-12268\" alt=\"\" srcset=\"https:\/\/educacionbilingue.gob.ec\/wp-content\/uploads\/2024\/02\/RENDICION-DE-CUENTAS-2023-PORTADA-FORMS-05-1024x256.jpg 1024w, https:\/\/educacionbilingue.gob.ec\/wp-content\/uploads\/2024\/02\/RENDICION-DE-CUENTAS-2023-PORTADA-FORMS-05-300x75.jpg 300w, https:\/\/educacionbilingue.gob.ec\/wp-content\/uploads\/2024\/02\/RENDICION-DE-CUENTAS-2023-PORTADA-FORMS-05-768x192.jpg 768w, https:\/\/educacionbilingue.gob.ec\/wp-content\/uploads\/2024\/02\/RENDICION-DE-CUENTAS-2023-PORTADA-FORMS-05-1536x384.jpg 1536w, https:\/\/educacionbilingue.gob.ec\/wp-content\/uploads\/2024\/02\/RENDICION-DE-CUENTAS-2023-PORTADA-FORMS-05-2048x512.jpg 2048w\" sizes=\"(max-width: 945px) 100vw, 945px\" \/>\t\t\t\t\t\t\t\t\t\t\t\t\t\t\t<\/div>\n\t\t\t\t<\/div>\n\t\t\t\t\t<\/div>\n\t\t<\/div>\n\t\t\t\t\t<\/div>\n\t\t<\/section>\n\t\t\t\t<section class=\"elementor-section elementor-top-section elementor-element elementor-element-d40aaa5 elementor-section-boxed elementor-section-height-default elementor-section-height-default\" data-id=\"d40aaa5\" data-element_type=\"section\" data-e-type=\"section\">\n\t\t\t\t\t\t<div class=\"elementor-container elementor-column-gap-default\">\n\t\t\t\t\t<div class=\"elementor-column elementor-col-50 elementor-top-column elementor-element elementor-element-8878b5f\" data-id=\"8878b5f\" data-element_type=\"column\" data-e-type=\"column\">\n\t\t\t<div class=\"elementor-widget-wrap elementor-element-populated\">\n\t\t\t\t\t\t<div class=\"elementor-element elementor-element-be2c6bc elementor-widget elementor-widget-heading\" data-id=\"be2c6bc\" data-element_type=\"widget\" data-e-type=\"widget\" data-widget_type=\"heading.default\">\n\t\t\t\t<div class=\"elementor-widget-container\">\n\t\t\t\t\t<h1 class=\"elementor-heading-title elementor-size-default\">Fase 0<\/h1>\t\t\t\t<\/div>\n\t\t\t\t<\/div>\n\t\t\t\t\t<\/div>\n\t\t<\/div>\n\t\t\t\t<div class=\"elementor-column elementor-col-50 elementor-top-column elementor-element elementor-element-a90c680\" data-id=\"a90c680\" data-element_type=\"column\" data-e-type=\"column\">\n\t\t\t<div class=\"elementor-widget-wrap elementor-element-populated\">\n\t\t\t\t\t\t<div class=\"elementor-element elementor-element-e712d60 elementor-widget elementor-widget-heading\" data-id=\"e712d60\" data-element_type=\"widget\" data-e-type=\"widget\" data-widget_type=\"heading.default\">\n\t\t\t\t<div class=\"elementor-widget-container\">\n\t\t\t\t\t<h1 class=\"elementor-heading-title elementor-size-default\">Fase 1<\/h1>\t\t\t\t<\/div>\n\t\t\t\t<\/div>\n\t\t\t\t\t<\/div>\n\t\t<\/div>\n\t\t\t\t\t<\/div>\n\t\t<\/section>\n\t\t\t\t<section class=\"elementor-section elementor-top-section elementor-element elementor-element-6ced8ab elementor-section-boxed elementor-section-height-default elementor-section-height-default\" data-id=\"6ced8ab\" data-element_type=\"section\" data-e-type=\"section\">\n\t\t\t\t\t\t<div class=\"elementor-container elementor-column-gap-default\">\n\t\t\t\t\t<div class=\"elementor-column elementor-col-100 elementor-top-column elementor-element elementor-element-021d7a1\" data-id=\"021d7a1\" data-element_type=\"column\" data-e-type=\"column\">\n\t\t\t<div class=\"elementor-widget-wrap elementor-element-populated\">\n\t\t\t\t\t\t<div class=\"elementor-element elementor-element-448f225 elementor-widget elementor-widget-heading\" data-id=\"448f225\" data-element_type=\"widget\" data-e-type=\"widget\" data-widget_type=\"heading.default\">\n\t\t\t\t<div class=\"elementor-widget-container\">\n\t\t\t\t\t<h4 class=\"elementor-heading-title elementor-size-default\"><a href=\"https:\/\/docs.google.com\/forms\/d\/e\/1FAIpQLScrutoTJpQFo-z91oo4nf4IkCWMDRfUsf6NiqfhcOA7uQ4fhA\/viewform\" target=\"_blank\">Rendici\u00f3n de Cuentas SEIBE 2023 Consulta Ciudadana \ud83d\udcc4<\/a><\/h4>\t\t\t\t<\/div>\n\t\t\t\t<\/div>\n\t\t\t\t<div class=\"elementor-element elementor-element-4dca973 elementor-widget elementor-widget-heading\" data-id=\"4dca973\" data-element_type=\"widget\" data-e-type=\"widget\" data-widget_type=\"heading.default\">\n\t\t\t\t<div class=\"elementor-widget-container\">\n\t\t\t\t\t<h4 class=\"elementor-heading-title elementor-size-default\"><a href=\"https:\/\/educacionbilingue.gob.ec\/wp-content\/uploads\/2024\/04\/SEIBE-SEIBE-2024-0041-M-Conformacio\u0301n-de-equipo.pdf\" target=\"_blank\">Conformaci\u00f3n del equipo de rendici\u00f3n de cuentas SEIBE-SEIBE-2024-0041-M \ud83d\udcc4<\/a><\/h4>\t\t\t\t<\/div>\n\t\t\t\t<\/div>\n\t\t\t\t<div class=\"elementor-element elementor-element-62269c7 elementor-widget elementor-widget-heading\" data-id=\"62269c7\" data-element_type=\"widget\" data-e-type=\"widget\" data-widget_type=\"heading.default\">\n\t\t\t\t<div class=\"elementor-widget-container\">\n\t\t\t\t\t<h4 class=\"elementor-heading-title elementor-size-default\"><a href=\"https:\/\/educacionbilingue.gob.ec\/wp-content\/uploads\/2024\/04\/Acta-001.pdf\" target=\"_blank\">Acta 001 Reuni\u00f3n del equipo de rendici\u00f3n de cuentas. \ud83d\udcc4<\/a><\/h4>\t\t\t\t<\/div>\n\t\t\t\t<\/div>\n\t\t\t\t\t<\/div>\n\t\t<\/div>\n\t\t\t\t<div class=\"elementor-column elementor-col-100 elementor-top-column elementor-element elementor-element-3ab67fb\" data-id=\"3ab67fb\" data-element_type=\"column\" data-e-type=\"column\">\n\t\t\t<div class=\"elementor-widget-wrap elementor-element-populated\">\n\t\t\t\t\t\t<div class=\"elementor-element elementor-element-90f6812 elementor-widget elementor-widget-heading\" data-id=\"90f6812\" data-element_type=\"widget\" data-e-type=\"widget\" data-widget_type=\"heading.default\">\n\t\t\t\t<div class=\"elementor-widget-container\">\n\t\t\t\t\t<h4 class=\"elementor-heading-title elementor-size-default\"><a href=\"https:\/\/educacionbilingue.gob.ec\/wp-content\/uploads\/2024\/04\/Actra-002.pdf\">\nActa 002 Socializaci\u00f3n interna y aprobaci\u00f3n del Informe Narrativo de Rendici\u00f3n de Cuentas SEIBE 2023\ud83d\udcc4<\/a><\/h4>\t\t\t\t<\/div>\n\t\t\t\t<\/div>\n\t\t\t\t<div class=\"elementor-element elementor-element-63bec67 elementor-widget elementor-widget-heading\" data-id=\"63bec67\" data-element_type=\"widget\" data-e-type=\"widget\" data-widget_type=\"heading.default\">\n\t\t\t\t<div class=\"elementor-widget-container\">\n\t\t\t\t\t<h4 class=\"elementor-heading-title elementor-size-default\"><a href=\"https:\/\/educacionbilingue.gob.ec\/wp-content\/uploads\/2024\/04\/INFORME-RENDICIO\u0301N-DE-CUENTAS-2023.pdf\">Informe de Rendici\u00f3n de Cuentas 2023 \ud83d\udcc4<\/a><\/h4>\t\t\t\t<\/div>\n\t\t\t\t<\/div>\n\t\t\t\t\t<\/div>\n\t\t<\/div>\n\t\t\t\t\t<\/div>\n\t\t<\/section>\n\t\t\t\t<section class=\"elementor-section elementor-top-section elementor-element elementor-element-9b9a084 elementor-section-boxed elementor-section-height-default elementor-section-height-default\" data-id=\"9b9a084\" data-element_type=\"section\" data-e-type=\"section\">\n\t\t\t\t\t\t<div class=\"elementor-container elementor-column-gap-default\">\n\t\t\t\t\t\t<\/div>\n\t\t<\/section>\n\t\t\t\t<\/div>\n\t\t","protected":false},"excerpt":{"rendered":"<p class=\"excerpt\">Fase 0 Fase 1 Rendici\u00f3n de Cuentas SEIBE 2023 Consulta Ciudadana \ud83d\udcc4 Conformaci\u00f3n del equipo de rendici\u00f3n de cuentas SEIBE-SEIBE-2024-0041-M \ud83d\udcc4 Acta 001 Reuni\u00f3n del equipo de rendici\u00f3n de cuentas. \ud83d\udcc4 Acta 002 Socializaci\u00f3n interna y aprobaci\u00f3n del Informe Narrativo de Rendici\u00f3n de Cuentas SEIBE 2023\ud83d\udcc4 Informe de Rendici\u00f3n de Cuentas 2023 \ud83d\udcc4 <a href=\"https:\/\/educacionbilingue.gob.ec\/?page_id=12267\">Read more &rarr;<\/a><\/p>\n","protected":false},"author":330,"featured_media":0,"parent":0,"menu_order":0,"comment_status":"closed","ping_status":"closed","template":"","meta":{"footnotes":""},"class_list":["post-12267","page","type-page","status-publish","hentry","xfolkentry"],"yoast_head":"<!-- This site is optimized with the Yoast SEO plugin v26.8 - https:\/\/yoast.com\/product\/yoast-seo-wordpress\/ -->\n<title>Rendici\u00f3n de Cuentas 2023 - SEIBE - Secretar\u00eda de Educaci\u00f3n Intercultural Biling\u00fce y la Etnoeducaci\u00f3n<\/title>\n<meta name=\"robots\" content=\"index, follow, max-snippet:-1, max-image-preview:large, max-video-preview:-1\" \/>\n<link rel=\"canonical\" href=\"https:\/\/educacionbilingue.gob.ec\/?page_id=12267\" \/>\n<meta property=\"og:locale\" content=\"es_ES\" \/>\n<meta property=\"og:type\" content=\"article\" \/>\n<meta property=\"og:title\" content=\"Rendici\u00f3n de Cuentas 2023 - SEIBE - Secretar\u00eda de Educaci\u00f3n Intercultural Biling\u00fce y la Etnoeducaci\u00f3n\" \/>\n<meta property=\"og:description\" content=\"Fase 0 Fase 1 Rendici\u00f3n de Cuentas SEIBE 2023 Consulta Ciudadana \ud83d\udcc4 Conformaci\u00f3n del equipo de rendici\u00f3n de cuentas SEIBE-SEIBE-2024-0041-M \ud83d\udcc4 Acta 001 Reuni\u00f3n del equipo de rendici\u00f3n de cuentas. \ud83d\udcc4 Acta 002 Socializaci\u00f3n interna y aprobaci\u00f3n del Informe Narrativo de Rendici\u00f3n de Cuentas SEIBE 2023\ud83d\udcc4 Informe de Rendici\u00f3n de Cuentas 2023 \ud83d\udcc4 Read more &rarr;\" \/>\n<meta property=\"og:url\" content=\"https:\/\/educacionbilingue.gob.ec\/?page_id=12267\" \/>\n<meta property=\"og:site_name\" content=\"SEIBE - Secretar\u00eda de Educaci\u00f3n Intercultural Biling\u00fce y la Etnoeducaci\u00f3n\" \/>\n<meta property=\"article:publisher\" content=\"https:\/\/www.facebook.com\/SEIBEec\/\" \/>\n<meta property=\"article:modified_time\" content=\"2025-06-03T13:20:05+00:00\" \/>\n<meta property=\"og:image\" content=\"https:\/\/educacionbilingue.gob.ec\/wp-content\/uploads\/2024\/02\/RENDICION-DE-CUENTAS-2023-PORTADA-FORMS-05-1024x256.jpg\" \/>\n<meta name=\"twitter:card\" content=\"summary_large_image\" \/>\n<meta name=\"twitter:label1\" content=\"Tiempo de lectura\" \/>\n\t<meta name=\"twitter:data1\" content=\"2 minutos\" \/>\n<script type=\"application\/ld+json\" class=\"yoast-schema-graph\">{\"@context\":\"https:\/\/schema.org\",\"@graph\":[{\"@type\":\"WebPage\",\"@id\":\"https:\/\/educacionbilingue.gob.ec\/?page_id=12267\",\"url\":\"https:\/\/educacionbilingue.gob.ec\/?page_id=12267\",\"name\":\"Rendici\u00f3n de Cuentas 2023 - SEIBE - Secretar\u00eda de Educaci\u00f3n Intercultural Biling\u00fce y la Etnoeducaci\u00f3n\",\"isPartOf\":{\"@id\":\"https:\/\/educacionbilingue.gob.ec\/#website\"},\"primaryImageOfPage\":{\"@id\":\"https:\/\/educacionbilingue.gob.ec\/?page_id=12267#primaryimage\"},\"image\":{\"@id\":\"https:\/\/educacionbilingue.gob.ec\/?page_id=12267#primaryimage\"},\"thumbnailUrl\":\"https:\/\/educacionbilingue.gob.ec\/wp-content\/uploads\/2024\/02\/RENDICION-DE-CUENTAS-2023-PORTADA-FORMS-05-1024x256.jpg\",\"datePublished\":\"2024-02-21T01:47:36+00:00\",\"dateModified\":\"2025-06-03T13:20:05+00:00\",\"breadcrumb\":{\"@id\":\"https:\/\/educacionbilingue.gob.ec\/?page_id=12267#breadcrumb\"},\"inLanguage\":\"es\",\"potentialAction\":[{\"@type\":\"ReadAction\",\"target\":[\"https:\/\/educacionbilingue.gob.ec\/?page_id=12267\"]}]},{\"@type\":\"ImageObject\",\"inLanguage\":\"es\",\"@id\":\"https:\/\/educacionbilingue.gob.ec\/?page_id=12267#primaryimage\",\"url\":\"https:\/\/educacionbilingue.gob.ec\/wp-content\/uploads\/2024\/02\/RENDICION-DE-CUENTAS-2023-PORTADA-FORMS-05-scaled.jpg\",\"contentUrl\":\"https:\/\/educacionbilingue.gob.ec\/wp-content\/uploads\/2024\/02\/RENDICION-DE-CUENTAS-2023-PORTADA-FORMS-05-scaled.jpg\",\"width\":2560,\"height\":640},{\"@type\":\"BreadcrumbList\",\"@id\":\"https:\/\/educacionbilingue.gob.ec\/?page_id=12267#breadcrumb\",\"itemListElement\":[{\"@type\":\"ListItem\",\"position\":1,\"name\":\"Portada\",\"item\":\"https:\/\/educacionbilingue.gob.ec\/\"},{\"@type\":\"ListItem\",\"position\":2,\"name\":\"Rendici\u00f3n de Cuentas 2023\"}]},{\"@type\":\"WebSite\",\"@id\":\"https:\/\/educacionbilingue.gob.ec\/#website\",\"url\":\"https:\/\/educacionbilingue.gob.ec\/\",\"name\":\"SEIBE - Secretar\u00eda de Educaci\u00f3n Intercultural Biling\u00fce y la Etnoeducaci\u00f3n\",\"description\":\"Secretar\u00eda de Educaci\u00f3n Intercultural Biling\u00fce y la Etnoeducaci\u00f3n\",\"publisher\":{\"@id\":\"https:\/\/educacionbilingue.gob.ec\/#organization\"},\"alternateName\":\"SEIBE\",\"potentialAction\":[{\"@type\":\"SearchAction\",\"target\":{\"@type\":\"EntryPoint\",\"urlTemplate\":\"https:\/\/educacionbilingue.gob.ec\/?s={search_term_string}\"},\"query-input\":{\"@type\":\"PropertyValueSpecification\",\"valueRequired\":true,\"valueName\":\"search_term_string\"}}],\"inLanguage\":\"es\"},{\"@type\":\"Organization\",\"@id\":\"https:\/\/educacionbilingue.gob.ec\/#organization\",\"name\":\"SEIBE - Secretar\u00eda de Educaci\u00f3n Intercultural Biling\u00fce y la Etnoeducaci\u00f3n\",\"url\":\"https:\/\/educacionbilingue.gob.ec\/\",\"logo\":{\"@type\":\"ImageObject\",\"inLanguage\":\"es\",\"@id\":\"https:\/\/educacionbilingue.gob.ec\/#\/schema\/logo\/image\/\",\"url\":\"https:\/\/educacionbilingue.gob.ec\/wp-content\/uploads\/2025\/05\/logo-horizontal@4x.png\",\"contentUrl\":\"https:\/\/educacionbilingue.gob.ec\/wp-content\/uploads\/2025\/05\/logo-horizontal@4x.png\",\"width\":1889,\"height\":456,\"caption\":\"SEIBE - Secretar\u00eda de Educaci\u00f3n Intercultural Biling\u00fce y la Etnoeducaci\u00f3n\"},\"image\":{\"@id\":\"https:\/\/educacionbilingue.gob.ec\/#\/schema\/logo\/image\/\"},\"sameAs\":[\"https:\/\/www.facebook.com\/SEIBEec\/\"]}]}<\/script>\n<!-- \/ Yoast SEO plugin. -->","yoast_head_json":{"title":"Rendici\u00f3n de Cuentas 2023 - SEIBE - Secretar\u00eda de Educaci\u00f3n Intercultural Biling\u00fce y la Etnoeducaci\u00f3n","robots":{"index":"index","follow":"follow","max-snippet":"max-snippet:-1","max-image-preview":"max-image-preview:large","max-video-preview":"max-video-preview:-1"},"canonical":"https:\/\/educacionbilingue.gob.ec\/?page_id=12267","og_locale":"es_ES","og_type":"article","og_title":"Rendici\u00f3n de Cuentas 2023 - SEIBE - Secretar\u00eda de Educaci\u00f3n Intercultural Biling\u00fce y la Etnoeducaci\u00f3n","og_description":"Fase 0 Fase 1 Rendici\u00f3n de Cuentas SEIBE 2023 Consulta Ciudadana \ud83d\udcc4 Conformaci\u00f3n del equipo de rendici\u00f3n de cuentas SEIBE-SEIBE-2024-0041-M \ud83d\udcc4 Acta 001 Reuni\u00f3n del equipo de rendici\u00f3n de cuentas. \ud83d\udcc4 Acta 002 Socializaci\u00f3n interna y aprobaci\u00f3n del Informe Narrativo de Rendici\u00f3n de Cuentas SEIBE 2023\ud83d\udcc4 Informe de Rendici\u00f3n de Cuentas 2023 \ud83d\udcc4 Read more &rarr;","og_url":"https:\/\/educacionbilingue.gob.ec\/?page_id=12267","og_site_name":"SEIBE - Secretar\u00eda de Educaci\u00f3n Intercultural Biling\u00fce y la Etnoeducaci\u00f3n","article_publisher":"https:\/\/www.facebook.com\/SEIBEec\/","article_modified_time":"2025-06-03T13:20:05+00:00","og_image":[{"url":"https:\/\/educacionbilingue.gob.ec\/wp-content\/uploads\/2024\/02\/RENDICION-DE-CUENTAS-2023-PORTADA-FORMS-05-1024x256.jpg","type":"","width":"","height":""}],"twitter_card":"summary_large_image","twitter_misc":{"Tiempo de lectura":"2 minutos"},"schema":{"@context":"https:\/\/schema.org","@graph":[{"@type":"WebPage","@id":"https:\/\/educacionbilingue.gob.ec\/?page_id=12267","url":"https:\/\/educacionbilingue.gob.ec\/?page_id=12267","name":"Rendici\u00f3n de Cuentas 2023 - SEIBE - Secretar\u00eda de Educaci\u00f3n Intercultural Biling\u00fce y la Etnoeducaci\u00f3n","isPartOf":{"@id":"https:\/\/educacionbilingue.gob.ec\/#website"},"primaryImageOfPage":{"@id":"https:\/\/educacionbilingue.gob.ec\/?page_id=12267#primaryimage"},"image":{"@id":"https:\/\/educacionbilingue.gob.ec\/?page_id=12267#primaryimage"},"thumbnailUrl":"https:\/\/educacionbilingue.gob.ec\/wp-content\/uploads\/2024\/02\/RENDICION-DE-CUENTAS-2023-PORTADA-FORMS-05-1024x256.jpg","datePublished":"2024-02-21T01:47:36+00:00","dateModified":"2025-06-03T13:20:05+00:00","breadcrumb":{"@id":"https:\/\/educacionbilingue.gob.ec\/?page_id=12267#breadcrumb"},"inLanguage":"es","potentialAction":[{"@type":"ReadAction","target":["https:\/\/educacionbilingue.gob.ec\/?page_id=12267"]}]},{"@type":"ImageObject","inLanguage":"es","@id":"https:\/\/educacionbilingue.gob.ec\/?page_id=12267#primaryimage","url":"https:\/\/educacionbilingue.gob.ec\/wp-content\/uploads\/2024\/02\/RENDICION-DE-CUENTAS-2023-PORTADA-FORMS-05-scaled.jpg","contentUrl":"https:\/\/educacionbilingue.gob.ec\/wp-content\/uploads\/2024\/02\/RENDICION-DE-CUENTAS-2023-PORTADA-FORMS-05-scaled.jpg","width":2560,"height":640},{"@type":"BreadcrumbList","@id":"https:\/\/educacionbilingue.gob.ec\/?page_id=12267#breadcrumb","itemListElement":[{"@type":"ListItem","position":1,"name":"Portada","item":"https:\/\/educacionbilingue.gob.ec\/"},{"@type":"ListItem","position":2,"name":"Rendici\u00f3n de Cuentas 2023"}]},{"@type":"WebSite","@id":"https:\/\/educacionbilingue.gob.ec\/#website","url":"https:\/\/educacionbilingue.gob.ec\/","name":"SEIBE - Secretar\u00eda de Educaci\u00f3n Intercultural Biling\u00fce y la Etnoeducaci\u00f3n","description":"Secretar\u00eda de Educaci\u00f3n Intercultural Biling\u00fce y la Etnoeducaci\u00f3n","publisher":{"@id":"https:\/\/educacionbilingue.gob.ec\/#organization"},"alternateName":"SEIBE","potentialAction":[{"@type":"SearchAction","target":{"@type":"EntryPoint","urlTemplate":"https:\/\/educacionbilingue.gob.ec\/?s={search_term_string}"},"query-input":{"@type":"PropertyValueSpecification","valueRequired":true,"valueName":"search_term_string"}}],"inLanguage":"es"},{"@type":"Organization","@id":"https:\/\/educacionbilingue.gob.ec\/#organization","name":"SEIBE - Secretar\u00eda de Educaci\u00f3n Intercultural Biling\u00fce y la Etnoeducaci\u00f3n","url":"https:\/\/educacionbilingue.gob.ec\/","logo":{"@type":"ImageObject","inLanguage":"es","@id":"https:\/\/educacionbilingue.gob.ec\/#\/schema\/logo\/image\/","url":"https:\/\/educacionbilingue.gob.ec\/wp-content\/uploads\/2025\/05\/logo-horizontal@4x.png","contentUrl":"https:\/\/educacionbilingue.gob.ec\/wp-content\/uploads\/2025\/05\/logo-horizontal@4x.png","width":1889,"height":456,"caption":"SEIBE - Secretar\u00eda de Educaci\u00f3n Intercultural Biling\u00fce y la Etnoeducaci\u00f3n"},"image":{"@id":"https:\/\/educacionbilingue.gob.ec\/#\/schema\/logo\/image\/"},"sameAs":["https:\/\/www.facebook.com\/SEIBEec\/"]}]}},"_links":{"self":[{"href":"https:\/\/educacionbilingue.gob.ec\/index.php?rest_route=\/wp\/v2\/pages\/12267","targetHints":{"allow":["GET"]}}],"collection":[{"href":"https:\/\/educacionbilingue.gob.ec\/index.php?rest_route=\/wp\/v2\/pages"}],"about":[{"href":"https:\/\/educacionbilingue.gob.ec\/index.php?rest_route=\/wp\/v2\/types\/page"}],"author":[{"embeddable":true,"href":"https:\/\/educacionbilingue.gob.ec\/index.php?rest_route=\/wp\/v2\/users\/330"}],"replies":[{"embeddable":true,"href":"https:\/\/educacionbilingue.gob.ec\/index.php?rest_route=%2Fwp%2Fv2%2Fcomments&post=12267"}],"version-history":[{"count":21,"href":"https:\/\/educacionbilingue.gob.ec\/index.php?rest_route=\/wp\/v2\/pages\/12267\/revisions"}],"predecessor-version":[{"id":14441,"href":"https:\/\/educacionbilingue.gob.ec\/index.php?rest_route=\/wp\/v2\/pages\/12267\/revisions\/14441"}],"wp:attachment":[{"href":"https:\/\/educacionbilingue.gob.ec\/index.php?rest_route=%2Fwp%2Fv2%2Fmedia&parent=12267"}],"curies":[{"name":"wp","href":"https:\/\/api.w.org\/{rel}","templated":true}]}}