{"id":13518,"date":"2024-12-18T16:05:58","date_gmt":"2024-12-18T21:05:58","guid":{"rendered":"https:\/\/educacionbilingue.gob.ec?page_id=13518"},"modified":"2025-05-09T12:35:51","modified_gmt":"2025-05-09T17:35:51","slug":"campana-educomunicacional","status":"publish","type":"page","link":"https:\/\/educacionbilingue.gob.ec\/?page_id=13518","title":{"rendered":"Campa\u00f1a Educomunicacional"},"content":{"rendered":"\t\t<div data-elementor-type=\"wp-page\" data-elementor-id=\"13518\" class=\"elementor elementor-13518\">\n\t\t\t\t\t\t<section class=\"elementor-section elementor-top-section elementor-element elementor-element-84c7fa5 elementor-section-boxed elementor-section-height-default elementor-section-height-default\" data-id=\"84c7fa5\" data-element_type=\"section\" data-e-type=\"section\">\n\t\t\t\t\t\t<div class=\"elementor-container elementor-column-gap-default\">\n\t\t\t\t\t<div class=\"elementor-column elementor-col-100 elementor-top-column elementor-element elementor-element-0b1467e\" data-id=\"0b1467e\" data-element_type=\"column\" data-e-type=\"column\">\n\t\t\t<div class=\"elementor-widget-wrap elementor-element-populated\">\n\t\t\t\t\t\t<div class=\"elementor-element elementor-element-0146d11 elementor-widget elementor-widget-heading\" data-id=\"0146d11\" data-element_type=\"widget\" data-e-type=\"widget\" data-widget_type=\"heading.default\">\n\t\t\t\t<div class=\"elementor-widget-container\">\n\t\t\t\t\t<h1 class=\"elementor-heading-title elementor-size-default\">Campa\u00f1a Educomunicacional <\/h1>\t\t\t\t<\/div>\n\t\t\t\t<\/div>\n\t\t\t\t<div class=\"elementor-element elementor-element-2c12914 elementor-widget elementor-widget-text-editor\" data-id=\"2c12914\" data-element_type=\"widget\" data-e-type=\"widget\" data-widget_type=\"text-editor.default\">\n\t\t\t\t<div class=\"elementor-widget-container\">\n\t\t\t\t\t\t\t\t\t<h3><em><strong>Fortaleciendo la convivencia intercultural<\/strong><\/em><\/h3>\t\t\t\t\t\t\t\t<\/div>\n\t\t\t\t<\/div>\n\t\t\t\t<div class=\"elementor-element elementor-element-35a6027 elementor-widget elementor-widget-text-editor\" data-id=\"35a6027\" data-element_type=\"widget\" data-e-type=\"widget\" data-widget_type=\"text-editor.default\">\n\t\t\t\t<div class=\"elementor-widget-container\">\n\t\t\t\t\t\t\t\t\t<h4>Bienvenido\/a a este espacio de reflexi\u00f3n, a continuaci\u00f3n te presentamos algunos de nuestros <strong>videos Etnoeducativos.\u00a0<\/strong><\/h4>\t\t\t\t\t\t\t\t<\/div>\n\t\t\t\t<\/div>\n\t\t\t\t\t<\/div>\n\t\t<\/div>\n\t\t\t\t\t<\/div>\n\t\t<\/section>\n\t\t\t\t<section class=\"elementor-section elementor-top-section elementor-element elementor-element-29cd941 elementor-section-boxed elementor-section-height-default elementor-section-height-default elementor-invisible\" data-id=\"29cd941\" data-element_type=\"section\" data-e-type=\"section\" data-settings=\"{&quot;animation&quot;:&quot;fadeInLeft&quot;}\">\n\t\t\t\t\t\t<div class=\"elementor-container elementor-column-gap-default\">\n\t\t\t\t\t<div class=\"elementor-column elementor-col-50 elementor-top-column elementor-element elementor-element-221aa63\" data-id=\"221aa63\" data-element_type=\"column\" data-e-type=\"column\">\n\t\t\t<div class=\"elementor-widget-wrap elementor-element-populated\">\n\t\t\t\t\t\t<div class=\"elementor-element elementor-element-3bb6fa6 elementor-widget elementor-widget-video\" data-id=\"3bb6fa6\" data-element_type=\"widget\" data-e-type=\"widget\" data-settings=\"{&quot;youtube_url&quot;:&quot;https:\\\/\\\/youtu.be\\\/VxWrUR--KX0?si=pKgPP0pbdmxzDGTx&quot;,&quot;video_type&quot;:&quot;youtube&quot;,&quot;controls&quot;:&quot;yes&quot;}\" data-widget_type=\"video.default\">\n\t\t\t\t<div class=\"elementor-widget-container\">\n\t\t\t\t\t\t\t<div class=\"elementor-wrapper elementor-open-inline\">\n\t\t\t<div class=\"elementor-video\"><\/div>\t\t<\/div>\n\t\t\t\t\t\t<\/div>\n\t\t\t\t<\/div>\n\t\t\t\t\t<\/div>\n\t\t<\/div>\n\t\t\t\t<div class=\"elementor-column elementor-col-50 elementor-top-column elementor-element elementor-element-d9dc62f\" data-id=\"d9dc62f\" data-element_type=\"column\" data-e-type=\"column\">\n\t\t\t<div class=\"elementor-widget-wrap elementor-element-populated\">\n\t\t\t\t\t\t<div class=\"elementor-element elementor-element-8ab9639 elementor-widget elementor-widget-video\" data-id=\"8ab9639\" data-element_type=\"widget\" data-e-type=\"widget\" data-settings=\"{&quot;youtube_url&quot;:&quot;https:\\\/\\\/youtu.be\\\/9W1gLYKRhsQ?si=ue6VEWRrITjOmf4G&quot;,&quot;video_type&quot;:&quot;youtube&quot;,&quot;controls&quot;:&quot;yes&quot;}\" data-widget_type=\"video.default\">\n\t\t\t\t<div class=\"elementor-widget-container\">\n\t\t\t\t\t\t\t<div class=\"elementor-wrapper elementor-open-inline\">\n\t\t\t<div class=\"elementor-video\"><\/div>\t\t<\/div>\n\t\t\t\t\t\t<\/div>\n\t\t\t\t<\/div>\n\t\t\t\t\t<\/div>\n\t\t<\/div>\n\t\t\t\t\t<\/div>\n\t\t<\/section>\n\t\t\t\t<section class=\"elementor-section elementor-top-section elementor-element elementor-element-bf2bb6a elementor-section-boxed elementor-section-height-default elementor-section-height-default\" data-id=\"bf2bb6a\" data-element_type=\"section\" data-e-type=\"section\">\n\t\t\t\t\t\t<div class=\"elementor-container elementor-column-gap-default\">\n\t\t\t\t\t<div class=\"elementor-column elementor-col-100 elementor-top-column elementor-element elementor-element-0acd92c\" data-id=\"0acd92c\" data-element_type=\"column\" data-e-type=\"column\">\n\t\t\t<div class=\"elementor-widget-wrap elementor-element-populated\">\n\t\t\t\t\t\t<div class=\"elementor-element elementor-element-9ec5685 elementor-widget elementor-widget-spacer\" data-id=\"9ec5685\" data-element_type=\"widget\" data-e-type=\"widget\" data-widget_type=\"spacer.default\">\n\t\t\t\t<div class=\"elementor-widget-container\">\n\t\t\t\t\t\t\t<div class=\"elementor-spacer\">\n\t\t\t<div class=\"elementor-spacer-inner\"><\/div>\n\t\t<\/div>\n\t\t\t\t\t\t<\/div>\n\t\t\t\t<\/div>\n\t\t\t\t\t<\/div>\n\t\t<\/div>\n\t\t\t\t\t<\/div>\n\t\t<\/section>\n\t\t\t\t<section class=\"elementor-section elementor-top-section elementor-element elementor-element-80429ce elementor-section-boxed elementor-section-height-default elementor-section-height-default elementor-invisible\" data-id=\"80429ce\" data-element_type=\"section\" data-e-type=\"section\" data-settings=\"{&quot;animation&quot;:&quot;fadeInRight&quot;}\">\n\t\t\t\t\t\t<div class=\"elementor-container elementor-column-gap-default\">\n\t\t\t\t\t<div class=\"elementor-column elementor-col-50 elementor-top-column elementor-element elementor-element-b3f98cb\" data-id=\"b3f98cb\" data-element_type=\"column\" data-e-type=\"column\">\n\t\t\t<div class=\"elementor-widget-wrap elementor-element-populated\">\n\t\t\t\t\t\t<div class=\"elementor-element elementor-element-872db96 elementor-widget elementor-widget-video\" data-id=\"872db96\" data-element_type=\"widget\" data-e-type=\"widget\" data-settings=\"{&quot;youtube_url&quot;:&quot;https:\\\/\\\/youtu.be\\\/NgTrHq6A9VI?si=e4jqvVJ3MuIi0sGn&quot;,&quot;video_type&quot;:&quot;youtube&quot;,&quot;controls&quot;:&quot;yes&quot;}\" data-widget_type=\"video.default\">\n\t\t\t\t<div class=\"elementor-widget-container\">\n\t\t\t\t\t\t\t<div class=\"elementor-wrapper elementor-open-inline\">\n\t\t\t<div class=\"elementor-video\"><\/div>\t\t<\/div>\n\t\t\t\t\t\t<\/div>\n\t\t\t\t<\/div>\n\t\t\t\t\t<\/div>\n\t\t<\/div>\n\t\t\t\t<div class=\"elementor-column elementor-col-50 elementor-top-column elementor-element elementor-element-6aa0619\" data-id=\"6aa0619\" data-element_type=\"column\" data-e-type=\"column\">\n\t\t\t<div class=\"elementor-widget-wrap elementor-element-populated\">\n\t\t\t\t\t\t<div class=\"elementor-element elementor-element-2234f2e elementor-widget elementor-widget-video\" data-id=\"2234f2e\" data-element_type=\"widget\" data-e-type=\"widget\" data-settings=\"{&quot;youtube_url&quot;:&quot;https:\\\/\\\/youtu.be\\\/3UDqa4V6oBA?si=gDenVA7cbv64xDYE&quot;,&quot;video_type&quot;:&quot;youtube&quot;,&quot;controls&quot;:&quot;yes&quot;}\" data-widget_type=\"video.default\">\n\t\t\t\t<div class=\"elementor-widget-container\">\n\t\t\t\t\t\t\t<div class=\"elementor-wrapper elementor-open-inline\">\n\t\t\t<div class=\"elementor-video\"><\/div>\t\t<\/div>\n\t\t\t\t\t\t<\/div>\n\t\t\t\t<\/div>\n\t\t\t\t\t<\/div>\n\t\t<\/div>\n\t\t\t\t\t<\/div>\n\t\t<\/section>\n\t\t\t\t<section class=\"elementor-section elementor-top-section elementor-element elementor-element-a21d4fb elementor-section-boxed elementor-section-height-default elementor-section-height-default\" data-id=\"a21d4fb\" data-element_type=\"section\" data-e-type=\"section\">\n\t\t\t\t\t\t<div class=\"elementor-container elementor-column-gap-default\">\n\t\t\t\t\t<div class=\"elementor-column elementor-col-100 elementor-top-column elementor-element elementor-element-8d0e233\" data-id=\"8d0e233\" data-element_type=\"column\" data-e-type=\"column\">\n\t\t\t<div class=\"elementor-widget-wrap elementor-element-populated\">\n\t\t\t\t\t\t<div class=\"elementor-element elementor-element-0fd5e64 elementor-widget elementor-widget-spacer\" data-id=\"0fd5e64\" data-element_type=\"widget\" data-e-type=\"widget\" data-widget_type=\"spacer.default\">\n\t\t\t\t<div class=\"elementor-widget-container\">\n\t\t\t\t\t\t\t<div class=\"elementor-spacer\">\n\t\t\t<div class=\"elementor-spacer-inner\"><\/div>\n\t\t<\/div>\n\t\t\t\t\t\t<\/div>\n\t\t\t\t<\/div>\n\t\t\t\t\t<\/div>\n\t\t<\/div>\n\t\t\t\t\t<\/div>\n\t\t<\/section>\n\t\t\t\t<section class=\"elementor-section elementor-top-section elementor-element elementor-element-ac298e8 elementor-section-boxed elementor-section-height-default elementor-section-height-default elementor-invisible\" data-id=\"ac298e8\" data-element_type=\"section\" data-e-type=\"section\" data-settings=\"{&quot;animation&quot;:&quot;fadeInLeft&quot;}\">\n\t\t\t\t\t\t<div class=\"elementor-container elementor-column-gap-default\">\n\t\t\t\t\t<div class=\"elementor-column elementor-col-50 elementor-top-column elementor-element elementor-element-2fce0ac\" data-id=\"2fce0ac\" data-element_type=\"column\" data-e-type=\"column\">\n\t\t\t<div class=\"elementor-widget-wrap elementor-element-populated\">\n\t\t\t\t\t\t<div class=\"elementor-element elementor-element-467ed78 elementor-widget elementor-widget-video\" data-id=\"467ed78\" data-element_type=\"widget\" data-e-type=\"widget\" data-settings=\"{&quot;youtube_url&quot;:&quot;https:\\\/\\\/youtu.be\\\/P9lLHnIOOsM?si=1tR8rQMOOxPkMI3Y&quot;,&quot;video_type&quot;:&quot;youtube&quot;,&quot;controls&quot;:&quot;yes&quot;}\" data-widget_type=\"video.default\">\n\t\t\t\t<div class=\"elementor-widget-container\">\n\t\t\t\t\t\t\t<div class=\"elementor-wrapper elementor-open-inline\">\n\t\t\t<div class=\"elementor-video\"><\/div>\t\t<\/div>\n\t\t\t\t\t\t<\/div>\n\t\t\t\t<\/div>\n\t\t\t\t\t<\/div>\n\t\t<\/div>\n\t\t\t\t<div class=\"elementor-column elementor-col-50 elementor-top-column elementor-element elementor-element-2a905cb\" data-id=\"2a905cb\" data-element_type=\"column\" data-e-type=\"column\">\n\t\t\t<div class=\"elementor-widget-wrap elementor-element-populated\">\n\t\t\t\t\t\t<div class=\"elementor-element elementor-element-af90e35 elementor-widget elementor-widget-video\" data-id=\"af90e35\" data-element_type=\"widget\" data-e-type=\"widget\" data-settings=\"{&quot;youtube_url&quot;:&quot;https:\\\/\\\/youtu.be\\\/h-cxTWJmoHo?si=zTIRgDbeYPeKveAe&quot;,&quot;video_type&quot;:&quot;youtube&quot;,&quot;controls&quot;:&quot;yes&quot;}\" data-widget_type=\"video.default\">\n\t\t\t\t<div class=\"elementor-widget-container\">\n\t\t\t\t\t\t\t<div class=\"elementor-wrapper elementor-open-inline\">\n\t\t\t<div class=\"elementor-video\"><\/div>\t\t<\/div>\n\t\t\t\t\t\t<\/div>\n\t\t\t\t<\/div>\n\t\t\t\t\t<\/div>\n\t\t<\/div>\n\t\t\t\t\t<\/div>\n\t\t<\/section>\n\t\t\t\t<\/div>\n\t\t","protected":false},"excerpt":{"rendered":"<p class=\"excerpt\">Campa\u00f1a Educomunicacional Fortaleciendo la convivencia intercultural Bienvenido\/a a este espacio de reflexi\u00f3n, a continuaci\u00f3n te presentamos algunos de nuestros videos Etnoeducativos.\u00a0 https:\/\/youtu.be\/VxWrUR&#8211;KX0?si=pKgPP0pbdmxzDGTxhttps:\/\/youtu.be\/9W1gLYKRhsQ?si=ue6VEWRrITjOmf4G <a href=\"https:\/\/educacionbilingue.gob.ec\/?page_id=13518\">Read more &rarr;<\/a><\/p>\n","protected":false},"author":2,"featured_media":0,"parent":0,"menu_order":0,"comment_status":"closed","ping_status":"closed","template":"","meta":{"footnotes":""},"class_list":["post-13518","page","type-page","status-publish","hentry","xfolkentry"],"yoast_head":"<!-- This site is optimized with the Yoast SEO plugin v27.4 - https:\/\/yoast.com\/product\/yoast-seo-wordpress\/ -->\n<title>Campa\u00f1a Educomunicacional - SEIBE - Secretar\u00eda de Educaci\u00f3n Intercultural Biling\u00fce y la Etnoeducaci\u00f3n<\/title>\n<meta name=\"robots\" content=\"index, follow, max-snippet:-1, max-image-preview:large, max-video-preview:-1\" \/>\n<link rel=\"canonical\" href=\"https:\/\/educacionbilingue.gob.ec\/?page_id=13518\" \/>\n<meta property=\"og:locale\" content=\"es_ES\" \/>\n<meta property=\"og:type\" content=\"article\" \/>\n<meta property=\"og:title\" content=\"Campa\u00f1a Educomunicacional - SEIBE - Secretar\u00eda de Educaci\u00f3n Intercultural Biling\u00fce y la Etnoeducaci\u00f3n\" \/>\n<meta property=\"og:description\" content=\"Campa\u00f1a Educomunicacional Fortaleciendo la convivencia intercultural Bienvenido\/a a este espacio de reflexi\u00f3n, a continuaci\u00f3n te presentamos algunos de nuestros videos Etnoeducativos.\u00a0 https:\/\/youtu.be\/VxWrUR&#8211;KX0?si=pKgPP0pbdmxzDGTxhttps:\/\/youtu.be\/9W1gLYKRhsQ?si=ue6VEWRrITjOmf4G Read more &rarr;\" \/>\n<meta property=\"og:url\" content=\"https:\/\/educacionbilingue.gob.ec\/?page_id=13518\" \/>\n<meta property=\"og:site_name\" content=\"SEIBE - Secretar\u00eda de Educaci\u00f3n Intercultural Biling\u00fce y la Etnoeducaci\u00f3n\" \/>\n<meta property=\"article:publisher\" content=\"https:\/\/www.facebook.com\/SEIBEec\/\" \/>\n<meta property=\"article:modified_time\" content=\"2025-05-09T17:35:51+00:00\" \/>\n<meta property=\"og:image\" content=\"https:\/\/educacionbilingue.gob.ec\/wp-content\/uploads\/2025\/05\/logo-vertical@4x.png\" \/>\n\t<meta property=\"og:image:width\" content=\"1373\" \/>\n\t<meta property=\"og:image:height\" content=\"800\" \/>\n\t<meta property=\"og:image:type\" content=\"image\/png\" \/>\n<meta name=\"twitter:card\" content=\"summary_large_image\" \/>\n<meta name=\"twitter:label1\" content=\"Tiempo de lectura\" \/>\n\t<meta name=\"twitter:data1\" content=\"1 minuto\" \/>\n<script type=\"application\/ld+json\" class=\"yoast-schema-graph\">{\"@context\":\"https:\\\/\\\/schema.org\",\"@graph\":[{\"@type\":\"WebPage\",\"@id\":\"https:\\\/\\\/educacionbilingue.gob.ec\\\/?page_id=13518\",\"url\":\"https:\\\/\\\/educacionbilingue.gob.ec\\\/?page_id=13518\",\"name\":\"Campa\u00f1a Educomunicacional - SEIBE - Secretar\u00eda de Educaci\u00f3n Intercultural Biling\u00fce y la Etnoeducaci\u00f3n\",\"isPartOf\":{\"@id\":\"https:\\\/\\\/educacionbilingue.gob.ec\\\/#website\"},\"datePublished\":\"2024-12-18T21:05:58+00:00\",\"dateModified\":\"2025-05-09T17:35:51+00:00\",\"breadcrumb\":{\"@id\":\"https:\\\/\\\/educacionbilingue.gob.ec\\\/?page_id=13518#breadcrumb\"},\"inLanguage\":\"es\",\"potentialAction\":[{\"@type\":\"ReadAction\",\"target\":[\"https:\\\/\\\/educacionbilingue.gob.ec\\\/?page_id=13518\"]}]},{\"@type\":\"BreadcrumbList\",\"@id\":\"https:\\\/\\\/educacionbilingue.gob.ec\\\/?page_id=13518#breadcrumb\",\"itemListElement\":[{\"@type\":\"ListItem\",\"position\":1,\"name\":\"Portada\",\"item\":\"https:\\\/\\\/educacionbilingue.gob.ec\\\/\"},{\"@type\":\"ListItem\",\"position\":2,\"name\":\"Campa\u00f1a Educomunicacional\"}]},{\"@type\":\"WebSite\",\"@id\":\"https:\\\/\\\/educacionbilingue.gob.ec\\\/#website\",\"url\":\"https:\\\/\\\/educacionbilingue.gob.ec\\\/\",\"name\":\"SEIBE - Secretar\u00eda de Educaci\u00f3n Intercultural Biling\u00fce y la Etnoeducaci\u00f3n\",\"description\":\"Secretar\u00eda de Educaci\u00f3n Intercultural Biling\u00fce y la Etnoeducaci\u00f3n\",\"publisher\":{\"@id\":\"https:\\\/\\\/educacionbilingue.gob.ec\\\/#organization\"},\"alternateName\":\"SEIBE\",\"potentialAction\":[{\"@type\":\"SearchAction\",\"target\":{\"@type\":\"EntryPoint\",\"urlTemplate\":\"https:\\\/\\\/educacionbilingue.gob.ec\\\/?s={search_term_string}\"},\"query-input\":{\"@type\":\"PropertyValueSpecification\",\"valueRequired\":true,\"valueName\":\"search_term_string\"}}],\"inLanguage\":\"es\"},{\"@type\":\"Organization\",\"@id\":\"https:\\\/\\\/educacionbilingue.gob.ec\\\/#organization\",\"name\":\"SEIBE - Secretar\u00eda de Educaci\u00f3n Intercultural Biling\u00fce y la Etnoeducaci\u00f3n\",\"url\":\"https:\\\/\\\/educacionbilingue.gob.ec\\\/\",\"logo\":{\"@type\":\"ImageObject\",\"inLanguage\":\"es\",\"@id\":\"https:\\\/\\\/educacionbilingue.gob.ec\\\/#\\\/schema\\\/logo\\\/image\\\/\",\"url\":\"https:\\\/\\\/educacionbilingue.gob.ec\\\/wp-content\\\/uploads\\\/2025\\\/05\\\/logo-horizontal@4x.png\",\"contentUrl\":\"https:\\\/\\\/educacionbilingue.gob.ec\\\/wp-content\\\/uploads\\\/2025\\\/05\\\/logo-horizontal@4x.png\",\"width\":1889,\"height\":456,\"caption\":\"SEIBE - Secretar\u00eda de Educaci\u00f3n Intercultural Biling\u00fce y la Etnoeducaci\u00f3n\"},\"image\":{\"@id\":\"https:\\\/\\\/educacionbilingue.gob.ec\\\/#\\\/schema\\\/logo\\\/image\\\/\"},\"sameAs\":[\"https:\\\/\\\/www.facebook.com\\\/SEIBEec\\\/\"]}]}<\/script>\n<!-- \/ Yoast SEO plugin. -->","yoast_head_json":{"title":"Campa\u00f1a Educomunicacional - SEIBE - Secretar\u00eda de Educaci\u00f3n Intercultural Biling\u00fce y la Etnoeducaci\u00f3n","robots":{"index":"index","follow":"follow","max-snippet":"max-snippet:-1","max-image-preview":"max-image-preview:large","max-video-preview":"max-video-preview:-1"},"canonical":"https:\/\/educacionbilingue.gob.ec\/?page_id=13518","og_locale":"es_ES","og_type":"article","og_title":"Campa\u00f1a Educomunicacional - SEIBE - Secretar\u00eda de Educaci\u00f3n Intercultural Biling\u00fce y la Etnoeducaci\u00f3n","og_description":"Campa\u00f1a Educomunicacional Fortaleciendo la convivencia intercultural Bienvenido\/a a este espacio de reflexi\u00f3n, a continuaci\u00f3n te presentamos algunos de nuestros videos Etnoeducativos.\u00a0 https:\/\/youtu.be\/VxWrUR&#8211;KX0?si=pKgPP0pbdmxzDGTxhttps:\/\/youtu.be\/9W1gLYKRhsQ?si=ue6VEWRrITjOmf4G Read more &rarr;","og_url":"https:\/\/educacionbilingue.gob.ec\/?page_id=13518","og_site_name":"SEIBE - Secretar\u00eda de Educaci\u00f3n Intercultural Biling\u00fce y la Etnoeducaci\u00f3n","article_publisher":"https:\/\/www.facebook.com\/SEIBEec\/","article_modified_time":"2025-05-09T17:35:51+00:00","og_image":[{"width":1373,"height":800,"url":"https:\/\/educacionbilingue.gob.ec\/wp-content\/uploads\/2025\/05\/logo-vertical@4x.png","type":"image\/png"}],"twitter_card":"summary_large_image","twitter_misc":{"Tiempo de lectura":"1 minuto"},"schema":{"@context":"https:\/\/schema.org","@graph":[{"@type":"WebPage","@id":"https:\/\/educacionbilingue.gob.ec\/?page_id=13518","url":"https:\/\/educacionbilingue.gob.ec\/?page_id=13518","name":"Campa\u00f1a Educomunicacional - SEIBE - Secretar\u00eda de Educaci\u00f3n Intercultural Biling\u00fce y la Etnoeducaci\u00f3n","isPartOf":{"@id":"https:\/\/educacionbilingue.gob.ec\/#website"},"datePublished":"2024-12-18T21:05:58+00:00","dateModified":"2025-05-09T17:35:51+00:00","breadcrumb":{"@id":"https:\/\/educacionbilingue.gob.ec\/?page_id=13518#breadcrumb"},"inLanguage":"es","potentialAction":[{"@type":"ReadAction","target":["https:\/\/educacionbilingue.gob.ec\/?page_id=13518"]}]},{"@type":"BreadcrumbList","@id":"https:\/\/educacionbilingue.gob.ec\/?page_id=13518#breadcrumb","itemListElement":[{"@type":"ListItem","position":1,"name":"Portada","item":"https:\/\/educacionbilingue.gob.ec\/"},{"@type":"ListItem","position":2,"name":"Campa\u00f1a Educomunicacional"}]},{"@type":"WebSite","@id":"https:\/\/educacionbilingue.gob.ec\/#website","url":"https:\/\/educacionbilingue.gob.ec\/","name":"SEIBE - Secretar\u00eda de Educaci\u00f3n Intercultural Biling\u00fce y la Etnoeducaci\u00f3n","description":"Secretar\u00eda de Educaci\u00f3n Intercultural Biling\u00fce y la Etnoeducaci\u00f3n","publisher":{"@id":"https:\/\/educacionbilingue.gob.ec\/#organization"},"alternateName":"SEIBE","potentialAction":[{"@type":"SearchAction","target":{"@type":"EntryPoint","urlTemplate":"https:\/\/educacionbilingue.gob.ec\/?s={search_term_string}"},"query-input":{"@type":"PropertyValueSpecification","valueRequired":true,"valueName":"search_term_string"}}],"inLanguage":"es"},{"@type":"Organization","@id":"https:\/\/educacionbilingue.gob.ec\/#organization","name":"SEIBE - Secretar\u00eda de Educaci\u00f3n Intercultural Biling\u00fce y la Etnoeducaci\u00f3n","url":"https:\/\/educacionbilingue.gob.ec\/","logo":{"@type":"ImageObject","inLanguage":"es","@id":"https:\/\/educacionbilingue.gob.ec\/#\/schema\/logo\/image\/","url":"https:\/\/educacionbilingue.gob.ec\/wp-content\/uploads\/2025\/05\/logo-horizontal@4x.png","contentUrl":"https:\/\/educacionbilingue.gob.ec\/wp-content\/uploads\/2025\/05\/logo-horizontal@4x.png","width":1889,"height":456,"caption":"SEIBE - Secretar\u00eda de Educaci\u00f3n Intercultural Biling\u00fce y la Etnoeducaci\u00f3n"},"image":{"@id":"https:\/\/educacionbilingue.gob.ec\/#\/schema\/logo\/image\/"},"sameAs":["https:\/\/www.facebook.com\/SEIBEec\/"]}]}},"_links":{"self":[{"href":"https:\/\/educacionbilingue.gob.ec\/index.php?rest_route=\/wp\/v2\/pages\/13518","targetHints":{"allow":["GET"]}}],"collection":[{"href":"https:\/\/educacionbilingue.gob.ec\/index.php?rest_route=\/wp\/v2\/pages"}],"about":[{"href":"https:\/\/educacionbilingue.gob.ec\/index.php?rest_route=\/wp\/v2\/types\/page"}],"author":[{"embeddable":true,"href":"https:\/\/educacionbilingue.gob.ec\/index.php?rest_route=\/wp\/v2\/users\/2"}],"replies":[{"embeddable":true,"href":"https:\/\/educacionbilingue.gob.ec\/index.php?rest_route=%2Fwp%2Fv2%2Fcomments&post=13518"}],"version-history":[{"count":15,"href":"https:\/\/educacionbilingue.gob.ec\/index.php?rest_route=\/wp\/v2\/pages\/13518\/revisions"}],"predecessor-version":[{"id":14257,"href":"https:\/\/educacionbilingue.gob.ec\/index.php?rest_route=\/wp\/v2\/pages\/13518\/revisions\/14257"}],"wp:attachment":[{"href":"https:\/\/educacionbilingue.gob.ec\/index.php?rest_route=%2Fwp%2Fv2%2Fmedia&parent=13518"}],"curies":[{"name":"wp","href":"https:\/\/api.w.org\/{rel}","templated":true}]}}