{"id":14481,"date":"2025-06-23T08:41:33","date_gmt":"2025-06-23T13:41:33","guid":{"rendered":"https:\/\/educacionbilingue.gob.ec\/?page_id=14481"},"modified":"2026-02-18T10:18:30","modified_gmt":"2026-02-18T15:18:30","slug":"rendicion-de-cuentas-2024","status":"publish","type":"page","link":"https:\/\/educacionbilingue.gob.ec\/?page_id=14481","title":{"rendered":"Rendici\u00f3n de Cuentas 2024"},"content":{"rendered":"\t\t<div data-elementor-type=\"wp-page\" data-elementor-id=\"14481\" class=\"elementor elementor-14481\">\n\t\t\t\t\t\t<section class=\"elementor-section elementor-top-section elementor-element elementor-element-dcffe71 elementor-section-boxed elementor-section-height-default elementor-section-height-default\" data-id=\"dcffe71\" data-element_type=\"section\" data-e-type=\"section\">\n\t\t\t\t\t\t<div class=\"elementor-container elementor-column-gap-default\">\n\t\t\t\t\t<div class=\"elementor-column elementor-col-100 elementor-top-column elementor-element elementor-element-35ac3ea\" data-id=\"35ac3ea\" data-element_type=\"column\" data-e-type=\"column\">\n\t\t\t<div class=\"elementor-widget-wrap elementor-element-populated\">\n\t\t\t\t\t\t<div class=\"elementor-element elementor-element-93cf00f elementor-widget elementor-widget-image\" data-id=\"93cf00f\" data-element_type=\"widget\" data-e-type=\"widget\" data-widget_type=\"image.default\">\n\t\t\t\t<div class=\"elementor-widget-container\">\n\t\t\t\t\t\t\t\t\t\t\t\t\t\t\t<img fetchpriority=\"high\" decoding=\"async\" width=\"945\" height=\"252\" src=\"https:\/\/educacionbilingue.gob.ec\/wp-content\/uploads\/2025\/06\/BANNER-WEB-RENDICION-DE-CUENTAS-2024-02.jpg\" class=\"attachment-large size-large wp-image-14482\" alt=\"\" srcset=\"https:\/\/educacionbilingue.gob.ec\/wp-content\/uploads\/2025\/06\/BANNER-WEB-RENDICION-DE-CUENTAS-2024-02.jpg 1921w, https:\/\/educacionbilingue.gob.ec\/wp-content\/uploads\/2025\/06\/BANNER-WEB-RENDICION-DE-CUENTAS-2024-02-700x187.jpg 700w, https:\/\/educacionbilingue.gob.ec\/wp-content\/uploads\/2025\/06\/BANNER-WEB-RENDICION-DE-CUENTAS-2024-02-768x205.jpg 768w, https:\/\/educacionbilingue.gob.ec\/wp-content\/uploads\/2025\/06\/BANNER-WEB-RENDICION-DE-CUENTAS-2024-02-1536x409.jpg 1536w\" sizes=\"(max-width: 945px) 100vw, 945px\" \/>\t\t\t\t\t\t\t\t\t\t\t\t\t\t\t<\/div>\n\t\t\t\t<\/div>\n\t\t\t\t\t<\/div>\n\t\t<\/div>\n\t\t\t\t\t<\/div>\n\t\t<\/section>\n\t\t\t\t<section class=\"elementor-section elementor-top-section elementor-element elementor-element-9070699 elementor-section-boxed elementor-section-height-default elementor-section-height-default\" data-id=\"9070699\" data-element_type=\"section\" data-e-type=\"section\">\n\t\t\t\t\t\t<div class=\"elementor-container elementor-column-gap-default\">\n\t\t\t\t\t<div class=\"elementor-column elementor-col-100 elementor-top-column elementor-element elementor-element-3303670\" data-id=\"3303670\" data-element_type=\"column\" data-e-type=\"column\">\n\t\t\t<div class=\"elementor-widget-wrap elementor-element-populated\">\n\t\t\t\t\t\t<div class=\"elementor-element elementor-element-6d636d9 elementor-widget elementor-widget-heading\" data-id=\"6d636d9\" data-element_type=\"widget\" data-e-type=\"widget\" data-widget_type=\"heading.default\">\n\t\t\t\t<div class=\"elementor-widget-container\">\n\t\t\t\t\t<h1 class=\"elementor-heading-title elementor-size-default\">Fase 0<\/h1>\t\t\t\t<\/div>\n\t\t\t\t<\/div>\n\t\t\t\t\t<\/div>\n\t\t<\/div>\n\t\t\t\t\t<\/div>\n\t\t<\/section>\n\t\t\t\t<section class=\"elementor-section elementor-top-section elementor-element elementor-element-2d3a861 elementor-section-boxed elementor-section-height-default elementor-section-height-default\" data-id=\"2d3a861\" data-element_type=\"section\" data-e-type=\"section\">\n\t\t\t\t\t\t<div class=\"elementor-container elementor-column-gap-default\">\n\t\t\t\t\t<div class=\"elementor-column elementor-col-50 elementor-top-column elementor-element elementor-element-2e53509\" data-id=\"2e53509\" data-element_type=\"column\" data-e-type=\"column\">\n\t\t\t<div class=\"elementor-widget-wrap elementor-element-populated\">\n\t\t\t\t\t\t<div class=\"elementor-element elementor-element-2e4eae5 elementor-widget elementor-widget-heading\" data-id=\"2e4eae5\" data-element_type=\"widget\" data-e-type=\"widget\" data-widget_type=\"heading.default\">\n\t\t\t\t<div class=\"elementor-widget-container\">\n\t\t\t\t\t<h3 class=\"elementor-heading-title elementor-size-default\">Conformaci\u00f3n Equipo de Trabajo \ud83d\udcc4<\/h3>\t\t\t\t<\/div>\n\t\t\t\t<\/div>\n\t\t\t\t\t<\/div>\n\t\t<\/div>\n\t\t\t\t<div class=\"elementor-column elementor-col-50 elementor-top-column elementor-element elementor-element-108d562\" data-id=\"108d562\" data-element_type=\"column\" data-e-type=\"column\">\n\t\t\t<div class=\"elementor-widget-wrap\">\n\t\t\t\t\t\t\t<\/div>\n\t\t<\/div>\n\t\t\t\t\t<\/div>\n\t\t<\/section>\n\t\t\t\t<section class=\"elementor-section elementor-top-section elementor-element elementor-element-b18cfcc elementor-section-boxed elementor-section-height-default elementor-section-height-default\" data-id=\"b18cfcc\" data-element_type=\"section\" data-e-type=\"section\">\n\t\t\t\t\t\t<div class=\"elementor-container elementor-column-gap-default\">\n\t\t\t\t\t<div class=\"elementor-column elementor-col-50 elementor-top-column elementor-element elementor-element-43d5746\" data-id=\"43d5746\" data-element_type=\"column\" data-e-type=\"column\">\n\t\t\t<div class=\"elementor-widget-wrap elementor-element-populated\">\n\t\t\t\t\t\t<div class=\"elementor-element elementor-element-4742cb6 elementor-widget elementor-widget-heading\" data-id=\"4742cb6\" data-element_type=\"widget\" data-e-type=\"widget\" data-widget_type=\"heading.default\">\n\t\t\t\t<div class=\"elementor-widget-container\">\n\t\t\t\t\t<h1 class=\"elementor-heading-title elementor-size-default\">Fase 1<\/h1>\t\t\t\t<\/div>\n\t\t\t\t<\/div>\n\t\t\t\t<div class=\"elementor-element elementor-element-29cee05 elementor-widget elementor-widget-heading\" data-id=\"29cee05\" data-element_type=\"widget\" data-e-type=\"widget\" data-widget_type=\"heading.default\">\n\t\t\t\t<div class=\"elementor-widget-container\">\n\t\t\t\t\t<h3 class=\"elementor-heading-title elementor-size-default\">Formulario de Rendici\u00f3n de Cuentas 2024 en Excel\ud83d\udcc4<\/h3>\t\t\t\t<\/div>\n\t\t\t\t<\/div>\n\t\t\t\t<div class=\"elementor-element elementor-element-300df8b elementor-widget elementor-widget-heading\" data-id=\"300df8b\" data-element_type=\"widget\" data-e-type=\"widget\" data-widget_type=\"heading.default\">\n\t\t\t\t<div class=\"elementor-widget-container\">\n\t\t\t\t\t<h3 class=\"elementor-heading-title elementor-size-default\"><a href=\"https:\/\/educacionbilingue.gob.ec\/wp-content\/uploads\/2026\/02\/Informe-de-rendicion-de-cuentas-DCS-2024.pdf\">Informe Rendici\u00f3n de Cuentas 2024 DIRCOM \ud83d\udcc4<\/a><\/h3>\t\t\t\t<\/div>\n\t\t\t\t<\/div>\n\t\t\t\t\t<\/div>\n\t\t<\/div>\n\t\t\t\t<div class=\"elementor-column elementor-col-50 elementor-top-column elementor-element elementor-element-32c9905\" data-id=\"32c9905\" data-element_type=\"column\" data-e-type=\"column\">\n\t\t\t<div class=\"elementor-widget-wrap elementor-element-populated\">\n\t\t\t\t\t\t<div class=\"elementor-element elementor-element-398a1a7 elementor-widget elementor-widget-heading\" data-id=\"398a1a7\" data-element_type=\"widget\" data-e-type=\"widget\" data-widget_type=\"heading.default\">\n\t\t\t\t<div class=\"elementor-widget-container\">\n\t\t\t\t\t<h1 class=\"elementor-heading-title elementor-size-default\">Fase 2<\/h1>\t\t\t\t<\/div>\n\t\t\t\t<\/div>\n\t\t\t\t<div class=\"elementor-element elementor-element-59b918a elementor-widget elementor-widget-heading\" data-id=\"59b918a\" data-element_type=\"widget\" data-e-type=\"widget\" data-widget_type=\"heading.default\">\n\t\t\t\t<div class=\"elementor-widget-container\">\n\t\t\t\t\t<h3 class=\"elementor-heading-title elementor-size-default\"><a href=\"https:\/\/educacionbilingue.gob.ec\/wp-content\/uploads\/2026\/02\/Informe-Rendicion-de-Cuentas_2024SEIBE-signed-signed-signed-signed-signed.pdf\">Informe de Rendici\u00f3n de Cuentas 2024 \ud83d\udcc4<\/a><\/h3>\t\t\t\t<\/div>\n\t\t\t\t<\/div>\n\t\t\t\t<div class=\"elementor-element elementor-element-7b15823 elementor-widget elementor-widget-heading\" data-id=\"7b15823\" data-element_type=\"widget\" data-e-type=\"widget\" data-widget_type=\"heading.default\">\n\t\t\t\t<div class=\"elementor-widget-container\">\n\t\t\t\t\t<h3 class=\"elementor-heading-title elementor-size-default\">Invitaci\u00f3n al p\u00fablico a la Rendici\u00f3n de Cuentas 2024 \ud83d\udcc4<\/h3>\t\t\t\t<\/div>\n\t\t\t\t<\/div>\n\t\t\t\t<div class=\"elementor-element elementor-element-278ffa5 elementor-widget elementor-widget-heading\" data-id=\"278ffa5\" data-element_type=\"widget\" data-e-type=\"widget\" data-widget_type=\"heading.default\">\n\t\t\t\t<div class=\"elementor-widget-container\">\n\t\t\t\t\t<h3 class=\"elementor-heading-title elementor-size-default\"><a href=\"https:\/\/educacionbilingue.gob.ec\/wp-content\/uploads\/2026\/02\/RENDICION-DE-CUENTAS-2024-PPT.pdf\">Presentaci\u00f3n Rendici\u00f3n de Cuentas 2024 \ud83d\udcc4<\/a><\/h3>\t\t\t\t<\/div>\n\t\t\t\t<\/div>\n\t\t\t\t<div class=\"elementor-element elementor-element-d4a0e0f elementor-widget elementor-widget-heading\" data-id=\"d4a0e0f\" data-element_type=\"widget\" data-e-type=\"widget\" data-widget_type=\"heading.default\">\n\t\t\t\t<div class=\"elementor-widget-container\">\n\t\t\t\t\t<h3 class=\"elementor-heading-title elementor-size-default\">Alineaci\u00f3n POA 2024 Plan Estrat\u00e9gico\ud83d\udcc4<\/h3>\t\t\t\t<\/div>\n\t\t\t\t<\/div>\n\t\t\t\t\t<\/div>\n\t\t<\/div>\n\t\t\t\t\t<\/div>\n\t\t<\/section>\n\t\t\t\t<section class=\"elementor-section elementor-top-section elementor-element elementor-element-b789f33 elementor-section-boxed elementor-section-height-default elementor-section-height-default\" data-id=\"b789f33\" data-element_type=\"section\" data-e-type=\"section\">\n\t\t\t\t\t\t<div class=\"elementor-container elementor-column-gap-default\">\n\t\t\t\t\t<div class=\"elementor-column elementor-col-100 elementor-top-column elementor-element elementor-element-39e85ee\" data-id=\"39e85ee\" data-element_type=\"column\" data-e-type=\"column\">\n\t\t\t<div class=\"elementor-widget-wrap elementor-element-populated\">\n\t\t\t\t\t\t<div class=\"elementor-element elementor-element-599897a elementor-widget elementor-widget-heading\" data-id=\"599897a\" data-element_type=\"widget\" data-e-type=\"widget\" data-widget_type=\"heading.default\">\n\t\t\t\t<div class=\"elementor-widget-container\">\n\t\t\t\t\t<h1 class=\"elementor-heading-title elementor-size-default\">Fase 3<\/h1>\t\t\t\t<\/div>\n\t\t\t\t<\/div>\n\t\t\t\t<div class=\"elementor-element elementor-element-be600fb elementor-widget elementor-widget-heading\" data-id=\"be600fb\" data-element_type=\"widget\" data-e-type=\"widget\" data-widget_type=\"heading.default\">\n\t\t\t\t<div class=\"elementor-widget-container\">\n\t\t\t\t\t<h3 class=\"elementor-heading-title elementor-size-default\">Entrega del Informe de rendici\u00f3n de cuentas al CPCCS \ud83d\udcc4<\/h3>\t\t\t\t<\/div>\n\t\t\t\t<\/div>\n\t\t\t\t<div class=\"elementor-element elementor-element-35cd11a elementor-widget elementor-widget-heading\" data-id=\"35cd11a\" data-element_type=\"widget\" data-e-type=\"widget\" data-widget_type=\"heading.default\">\n\t\t\t\t<div class=\"elementor-widget-container\">\n\t\t\t\t\t<h3 class=\"elementor-heading-title elementor-size-default\">Formulario de rendici\u00f3n de cuentas 2024 PDF \ud83d\udcc4<\/h3>\t\t\t\t<\/div>\n\t\t\t\t<\/div>\n\t\t\t\t\t<\/div>\n\t\t<\/div>\n\t\t\t\t\t<\/div>\n\t\t<\/section>\n\t\t\t\t<\/div>\n\t\t","protected":false},"excerpt":{"rendered":"<p class=\"excerpt\">Fase 0 Conformaci\u00f3n Equipo de Trabajo \ud83d\udcc4 Fase 1 Formulario de Rendici\u00f3n de Cuentas 2024 en Excel\ud83d\udcc4 Informe Rendici\u00f3n de Cuentas 2024 DIRCOM \ud83d\udcc4 Fase 2 Informe de Rendici\u00f3n de Cuentas 2024 \ud83d\udcc4 Invitaci\u00f3n al p\u00fablico a la Rendici\u00f3n de Cuentas 2024 \ud83d\udcc4 Presentaci\u00f3n Rendici\u00f3n de Cuentas 2024 \ud83d\udcc4 Alineaci\u00f3n POA 2024 Plan Estrat\u00e9gico\ud83d\udcc4 Fase 3 Entrega del Informe de&hellip; <a href=\"https:\/\/educacionbilingue.gob.ec\/?page_id=14481\">Read more &rarr;<\/a><\/p>\n","protected":false},"author":2,"featured_media":0,"parent":0,"menu_order":0,"comment_status":"closed","ping_status":"closed","template":"","meta":{"footnotes":""},"class_list":["post-14481","page","type-page","status-publish","hentry","xfolkentry"],"yoast_head":"<!-- This site is optimized with the Yoast SEO plugin v26.8 - https:\/\/yoast.com\/product\/yoast-seo-wordpress\/ -->\n<title>Rendici\u00f3n de Cuentas 2024 - SEIBE - Secretar\u00eda de Educaci\u00f3n Intercultural Biling\u00fce y la Etnoeducaci\u00f3n<\/title>\n<meta name=\"robots\" content=\"index, follow, max-snippet:-1, max-image-preview:large, max-video-preview:-1\" \/>\n<link rel=\"canonical\" href=\"https:\/\/educacionbilingue.gob.ec\/?page_id=14481\" \/>\n<meta property=\"og:locale\" content=\"es_ES\" \/>\n<meta property=\"og:type\" content=\"article\" \/>\n<meta property=\"og:title\" content=\"Rendici\u00f3n de Cuentas 2024 - SEIBE - Secretar\u00eda de Educaci\u00f3n Intercultural Biling\u00fce y la Etnoeducaci\u00f3n\" \/>\n<meta property=\"og:description\" content=\"Fase 0 Conformaci\u00f3n Equipo de Trabajo \ud83d\udcc4 Fase 1 Formulario de Rendici\u00f3n de Cuentas 2024 en Excel\ud83d\udcc4 Informe Rendici\u00f3n de Cuentas 2024 DIRCOM \ud83d\udcc4 Fase 2 Informe de Rendici\u00f3n de Cuentas 2024 \ud83d\udcc4 Invitaci\u00f3n al p\u00fablico a la Rendici\u00f3n de Cuentas 2024 \ud83d\udcc4 Presentaci\u00f3n Rendici\u00f3n de Cuentas 2024 \ud83d\udcc4 Alineaci\u00f3n POA 2024 Plan Estrat\u00e9gico\ud83d\udcc4 Fase 3 Entrega del Informe de&hellip; Read more &rarr;\" \/>\n<meta property=\"og:url\" content=\"https:\/\/educacionbilingue.gob.ec\/?page_id=14481\" \/>\n<meta property=\"og:site_name\" content=\"SEIBE - Secretar\u00eda de Educaci\u00f3n Intercultural Biling\u00fce y la Etnoeducaci\u00f3n\" \/>\n<meta property=\"article:publisher\" content=\"https:\/\/www.facebook.com\/SEIBEec\/\" \/>\n<meta property=\"article:modified_time\" content=\"2026-02-18T15:18:30+00:00\" \/>\n<meta property=\"og:image\" content=\"https:\/\/educacionbilingue.gob.ec\/wp-content\/uploads\/2025\/06\/BANNER-WEB-RENDICION-DE-CUENTAS-2024-02.jpg\" \/>\n\t<meta property=\"og:image:width\" content=\"1921\" \/>\n\t<meta property=\"og:image:height\" content=\"512\" \/>\n\t<meta property=\"og:image:type\" content=\"image\/jpeg\" \/>\n<meta name=\"twitter:card\" content=\"summary_large_image\" \/>\n<meta name=\"twitter:label1\" content=\"Tiempo de lectura\" \/>\n\t<meta name=\"twitter:data1\" content=\"3 minutos\" \/>\n<script type=\"application\/ld+json\" class=\"yoast-schema-graph\">{\"@context\":\"https:\/\/schema.org\",\"@graph\":[{\"@type\":\"WebPage\",\"@id\":\"https:\/\/educacionbilingue.gob.ec\/?page_id=14481\",\"url\":\"https:\/\/educacionbilingue.gob.ec\/?page_id=14481\",\"name\":\"Rendici\u00f3n de Cuentas 2024 - SEIBE - Secretar\u00eda de Educaci\u00f3n Intercultural Biling\u00fce y la Etnoeducaci\u00f3n\",\"isPartOf\":{\"@id\":\"https:\/\/educacionbilingue.gob.ec\/#website\"},\"primaryImageOfPage\":{\"@id\":\"https:\/\/educacionbilingue.gob.ec\/?page_id=14481#primaryimage\"},\"image\":{\"@id\":\"https:\/\/educacionbilingue.gob.ec\/?page_id=14481#primaryimage\"},\"thumbnailUrl\":\"https:\/\/educacionbilingue.gob.ec\/wp-content\/uploads\/2025\/06\/BANNER-WEB-RENDICION-DE-CUENTAS-2024-02.jpg\",\"datePublished\":\"2025-06-23T13:41:33+00:00\",\"dateModified\":\"2026-02-18T15:18:30+00:00\",\"breadcrumb\":{\"@id\":\"https:\/\/educacionbilingue.gob.ec\/?page_id=14481#breadcrumb\"},\"inLanguage\":\"es\",\"potentialAction\":[{\"@type\":\"ReadAction\",\"target\":[\"https:\/\/educacionbilingue.gob.ec\/?page_id=14481\"]}]},{\"@type\":\"ImageObject\",\"inLanguage\":\"es\",\"@id\":\"https:\/\/educacionbilingue.gob.ec\/?page_id=14481#primaryimage\",\"url\":\"https:\/\/educacionbilingue.gob.ec\/wp-content\/uploads\/2025\/06\/BANNER-WEB-RENDICION-DE-CUENTAS-2024-02.jpg\",\"contentUrl\":\"https:\/\/educacionbilingue.gob.ec\/wp-content\/uploads\/2025\/06\/BANNER-WEB-RENDICION-DE-CUENTAS-2024-02.jpg\",\"width\":1921,\"height\":512},{\"@type\":\"BreadcrumbList\",\"@id\":\"https:\/\/educacionbilingue.gob.ec\/?page_id=14481#breadcrumb\",\"itemListElement\":[{\"@type\":\"ListItem\",\"position\":1,\"name\":\"Portada\",\"item\":\"https:\/\/educacionbilingue.gob.ec\/\"},{\"@type\":\"ListItem\",\"position\":2,\"name\":\"Rendici\u00f3n de Cuentas 2024\"}]},{\"@type\":\"WebSite\",\"@id\":\"https:\/\/educacionbilingue.gob.ec\/#website\",\"url\":\"https:\/\/educacionbilingue.gob.ec\/\",\"name\":\"SEIBE - Secretar\u00eda de Educaci\u00f3n Intercultural Biling\u00fce y la Etnoeducaci\u00f3n\",\"description\":\"Secretar\u00eda de Educaci\u00f3n Intercultural Biling\u00fce y la Etnoeducaci\u00f3n\",\"publisher\":{\"@id\":\"https:\/\/educacionbilingue.gob.ec\/#organization\"},\"alternateName\":\"SEIBE\",\"potentialAction\":[{\"@type\":\"SearchAction\",\"target\":{\"@type\":\"EntryPoint\",\"urlTemplate\":\"https:\/\/educacionbilingue.gob.ec\/?s={search_term_string}\"},\"query-input\":{\"@type\":\"PropertyValueSpecification\",\"valueRequired\":true,\"valueName\":\"search_term_string\"}}],\"inLanguage\":\"es\"},{\"@type\":\"Organization\",\"@id\":\"https:\/\/educacionbilingue.gob.ec\/#organization\",\"name\":\"SEIBE - Secretar\u00eda de Educaci\u00f3n Intercultural Biling\u00fce y la Etnoeducaci\u00f3n\",\"url\":\"https:\/\/educacionbilingue.gob.ec\/\",\"logo\":{\"@type\":\"ImageObject\",\"inLanguage\":\"es\",\"@id\":\"https:\/\/educacionbilingue.gob.ec\/#\/schema\/logo\/image\/\",\"url\":\"https:\/\/educacionbilingue.gob.ec\/wp-content\/uploads\/2025\/05\/logo-horizontal@4x.png\",\"contentUrl\":\"https:\/\/educacionbilingue.gob.ec\/wp-content\/uploads\/2025\/05\/logo-horizontal@4x.png\",\"width\":1889,\"height\":456,\"caption\":\"SEIBE - Secretar\u00eda de Educaci\u00f3n Intercultural Biling\u00fce y la Etnoeducaci\u00f3n\"},\"image\":{\"@id\":\"https:\/\/educacionbilingue.gob.ec\/#\/schema\/logo\/image\/\"},\"sameAs\":[\"https:\/\/www.facebook.com\/SEIBEec\/\"]}]}<\/script>\n<!-- \/ Yoast SEO plugin. -->","yoast_head_json":{"title":"Rendici\u00f3n de Cuentas 2024 - SEIBE - Secretar\u00eda de Educaci\u00f3n Intercultural Biling\u00fce y la Etnoeducaci\u00f3n","robots":{"index":"index","follow":"follow","max-snippet":"max-snippet:-1","max-image-preview":"max-image-preview:large","max-video-preview":"max-video-preview:-1"},"canonical":"https:\/\/educacionbilingue.gob.ec\/?page_id=14481","og_locale":"es_ES","og_type":"article","og_title":"Rendici\u00f3n de Cuentas 2024 - SEIBE - Secretar\u00eda de Educaci\u00f3n Intercultural Biling\u00fce y la Etnoeducaci\u00f3n","og_description":"Fase 0 Conformaci\u00f3n Equipo de Trabajo \ud83d\udcc4 Fase 1 Formulario de Rendici\u00f3n de Cuentas 2024 en Excel\ud83d\udcc4 Informe Rendici\u00f3n de Cuentas 2024 DIRCOM \ud83d\udcc4 Fase 2 Informe de Rendici\u00f3n de Cuentas 2024 \ud83d\udcc4 Invitaci\u00f3n al p\u00fablico a la Rendici\u00f3n de Cuentas 2024 \ud83d\udcc4 Presentaci\u00f3n Rendici\u00f3n de Cuentas 2024 \ud83d\udcc4 Alineaci\u00f3n POA 2024 Plan Estrat\u00e9gico\ud83d\udcc4 Fase 3 Entrega del Informe de&hellip; Read more &rarr;","og_url":"https:\/\/educacionbilingue.gob.ec\/?page_id=14481","og_site_name":"SEIBE - Secretar\u00eda de Educaci\u00f3n Intercultural Biling\u00fce y la Etnoeducaci\u00f3n","article_publisher":"https:\/\/www.facebook.com\/SEIBEec\/","article_modified_time":"2026-02-18T15:18:30+00:00","og_image":[{"width":1921,"height":512,"url":"https:\/\/educacionbilingue.gob.ec\/wp-content\/uploads\/2025\/06\/BANNER-WEB-RENDICION-DE-CUENTAS-2024-02.jpg","type":"image\/jpeg"}],"twitter_card":"summary_large_image","twitter_misc":{"Tiempo de lectura":"3 minutos"},"schema":{"@context":"https:\/\/schema.org","@graph":[{"@type":"WebPage","@id":"https:\/\/educacionbilingue.gob.ec\/?page_id=14481","url":"https:\/\/educacionbilingue.gob.ec\/?page_id=14481","name":"Rendici\u00f3n de Cuentas 2024 - SEIBE - Secretar\u00eda de Educaci\u00f3n Intercultural Biling\u00fce y la Etnoeducaci\u00f3n","isPartOf":{"@id":"https:\/\/educacionbilingue.gob.ec\/#website"},"primaryImageOfPage":{"@id":"https:\/\/educacionbilingue.gob.ec\/?page_id=14481#primaryimage"},"image":{"@id":"https:\/\/educacionbilingue.gob.ec\/?page_id=14481#primaryimage"},"thumbnailUrl":"https:\/\/educacionbilingue.gob.ec\/wp-content\/uploads\/2025\/06\/BANNER-WEB-RENDICION-DE-CUENTAS-2024-02.jpg","datePublished":"2025-06-23T13:41:33+00:00","dateModified":"2026-02-18T15:18:30+00:00","breadcrumb":{"@id":"https:\/\/educacionbilingue.gob.ec\/?page_id=14481#breadcrumb"},"inLanguage":"es","potentialAction":[{"@type":"ReadAction","target":["https:\/\/educacionbilingue.gob.ec\/?page_id=14481"]}]},{"@type":"ImageObject","inLanguage":"es","@id":"https:\/\/educacionbilingue.gob.ec\/?page_id=14481#primaryimage","url":"https:\/\/educacionbilingue.gob.ec\/wp-content\/uploads\/2025\/06\/BANNER-WEB-RENDICION-DE-CUENTAS-2024-02.jpg","contentUrl":"https:\/\/educacionbilingue.gob.ec\/wp-content\/uploads\/2025\/06\/BANNER-WEB-RENDICION-DE-CUENTAS-2024-02.jpg","width":1921,"height":512},{"@type":"BreadcrumbList","@id":"https:\/\/educacionbilingue.gob.ec\/?page_id=14481#breadcrumb","itemListElement":[{"@type":"ListItem","position":1,"name":"Portada","item":"https:\/\/educacionbilingue.gob.ec\/"},{"@type":"ListItem","position":2,"name":"Rendici\u00f3n de Cuentas 2024"}]},{"@type":"WebSite","@id":"https:\/\/educacionbilingue.gob.ec\/#website","url":"https:\/\/educacionbilingue.gob.ec\/","name":"SEIBE - Secretar\u00eda de Educaci\u00f3n Intercultural Biling\u00fce y la Etnoeducaci\u00f3n","description":"Secretar\u00eda de Educaci\u00f3n Intercultural Biling\u00fce y la Etnoeducaci\u00f3n","publisher":{"@id":"https:\/\/educacionbilingue.gob.ec\/#organization"},"alternateName":"SEIBE","potentialAction":[{"@type":"SearchAction","target":{"@type":"EntryPoint","urlTemplate":"https:\/\/educacionbilingue.gob.ec\/?s={search_term_string}"},"query-input":{"@type":"PropertyValueSpecification","valueRequired":true,"valueName":"search_term_string"}}],"inLanguage":"es"},{"@type":"Organization","@id":"https:\/\/educacionbilingue.gob.ec\/#organization","name":"SEIBE - Secretar\u00eda de Educaci\u00f3n Intercultural Biling\u00fce y la Etnoeducaci\u00f3n","url":"https:\/\/educacionbilingue.gob.ec\/","logo":{"@type":"ImageObject","inLanguage":"es","@id":"https:\/\/educacionbilingue.gob.ec\/#\/schema\/logo\/image\/","url":"https:\/\/educacionbilingue.gob.ec\/wp-content\/uploads\/2025\/05\/logo-horizontal@4x.png","contentUrl":"https:\/\/educacionbilingue.gob.ec\/wp-content\/uploads\/2025\/05\/logo-horizontal@4x.png","width":1889,"height":456,"caption":"SEIBE - Secretar\u00eda de Educaci\u00f3n Intercultural Biling\u00fce y la Etnoeducaci\u00f3n"},"image":{"@id":"https:\/\/educacionbilingue.gob.ec\/#\/schema\/logo\/image\/"},"sameAs":["https:\/\/www.facebook.com\/SEIBEec\/"]}]}},"_links":{"self":[{"href":"https:\/\/educacionbilingue.gob.ec\/index.php?rest_route=\/wp\/v2\/pages\/14481","targetHints":{"allow":["GET"]}}],"collection":[{"href":"https:\/\/educacionbilingue.gob.ec\/index.php?rest_route=\/wp\/v2\/pages"}],"about":[{"href":"https:\/\/educacionbilingue.gob.ec\/index.php?rest_route=\/wp\/v2\/types\/page"}],"author":[{"embeddable":true,"href":"https:\/\/educacionbilingue.gob.ec\/index.php?rest_route=\/wp\/v2\/users\/2"}],"replies":[{"embeddable":true,"href":"https:\/\/educacionbilingue.gob.ec\/index.php?rest_route=%2Fwp%2Fv2%2Fcomments&post=14481"}],"version-history":[{"count":12,"href":"https:\/\/educacionbilingue.gob.ec\/index.php?rest_route=\/wp\/v2\/pages\/14481\/revisions"}],"predecessor-version":[{"id":15154,"href":"https:\/\/educacionbilingue.gob.ec\/index.php?rest_route=\/wp\/v2\/pages\/14481\/revisions\/15154"}],"wp:attachment":[{"href":"https:\/\/educacionbilingue.gob.ec\/index.php?rest_route=%2Fwp%2Fv2%2Fmedia&parent=14481"}],"curies":[{"name":"wp","href":"https:\/\/api.w.org\/{rel}","templated":true}]}}